{"id":7,"date":"2026-01-12T11:44:38","date_gmt":"2026-01-12T11:44:38","guid":{"rendered":"https:\/\/www.redesta.cz\/?page_id=7"},"modified":"2026-01-12T11:50:40","modified_gmt":"2026-01-12T11:50:40","slug":"redesta-moravia","status":"publish","type":"page","link":"https:\/\/www.redesta.cz\/","title":{"rendered":"REDESTA Moravia"},"content":{"rendered":"\t\t<div data-elementor-type=\"wp-post\" data-elementor-id=\"7\" class=\"elementor elementor-7\">\n\t\t\t\t<div class=\"elementor-element elementor-element-6abe1db e-flex e-con-boxed e-con e-parent\" data-id=\"6abe1db\" data-element_type=\"container\">\n\t\t\t\t\t<div class=\"e-con-inner\">\n\t\t\t\t<div class=\"elementor-element elementor-element-04045d7 elementor-widget elementor-widget-image\" data-id=\"04045d7\" data-element_type=\"widget\" data-widget_type=\"image.default\">\n\t\t\t\t\t\t\t\t\t\t\t\t\t\t\t<img fetchpriority=\"high\" decoding=\"async\" width=\"920\" height=\"297\" src=\"https:\/\/www.redesta.cz\/wp-content\/uploads\/2026\/01\/rede-log-podpis.png\" class=\"attachment-large size-large wp-image-9\" alt=\"\" srcset=\"https:\/\/www.redesta.cz\/wp-content\/uploads\/2026\/01\/rede-log-podpis.png 920w, https:\/\/www.redesta.cz\/wp-content\/uploads\/2026\/01\/rede-log-podpis-300x97.png 300w, https:\/\/www.redesta.cz\/wp-content\/uploads\/2026\/01\/rede-log-podpis-768x248.png 768w\" sizes=\"(max-width: 920px) 100vw, 920px\" \/>\t\t\t\t\t\t\t\t\t\t\t\t\t\t\t<\/div>\n\t\t\t\t<div class=\"elementor-element elementor-element-d9852c1 elementor-invisible elementor-widget elementor-widget-html\" data-id=\"d9852c1\" data-element_type=\"widget\" data-settings=\"{&quot;_animation&quot;:&quot;fadeIn&quot;}\" data-widget_type=\"html.default\">\n\t\t\t\t\t<!DOCTYPE html>\n<html lang=\"cs\">\n<head>\n    <meta charset=\"UTF-8\">\n    <meta name=\"viewport\" content=\"width=device-width, initial-scale=1.0\">\n    <link href=\"https:\/\/fonts.googleapis.com\/css2?family=Poppins:wght@300;400;600;700&display=swap\" rel=\"stylesheet\">\n    <style>\n        * {\n            margin: 0;\n            padding: 0;\n            box-sizing: border-box;\n        }\n        \n        .redesta-card {\n            font-family: 'Poppins', sans-serif;\n            max-width: 800px;\n            margin: 0 auto;\n            padding: 60px 40px;\n            text-align: center;\n            background: #ffffff;\n            border-radius: 20px;\n            box-shadow: 0 10px 40px rgba(0, 0, 0, 0.08);\n        }\n        \n        .company-name {\n            font-size: 2.5em;\n            font-weight: 700;\n            color: #2c3e50;\n            margin-bottom: 10px;\n            letter-spacing: -0.5px;\n        }\n        \n        .company-address {\n            font-size: 1.1em;\n            color: #555;\n            margin-bottom: 30px;\n            font-weight: 300;\n        }\n        \n        .divider {\n            width: 80px;\n            height: 3px;\n            background: linear-gradient(90deg, #e63946, #ff6b6b);\n            margin: 30px auto;\n            border-radius: 2px;\n        }\n        \n        .company-info {\n            display: flex;\n            justify-content: center;\n            gap: 40px;\n            margin: 30px 0;\n            flex-wrap: wrap;\n        }\n        \n        .info-item {\n            font-size: 0.95em;\n            color: #666;\n        }\n        \n        .info-label {\n            font-weight: 600;\n            color: #2c3e50;\n        }\n        \n        .contacts-section {\n            margin-top: 50px;\n            display: grid;\n            grid-template-columns: repeat(auto-fit, minmax(300px, 1fr));\n            gap: 30px;\n            max-width: 700px;\n            margin-left: auto;\n            margin-right: auto;\n        }\n        \n        .contact-card {\n            background: #f8f9fa;\n            padding: 25px;\n            border-radius: 12px;\n            transition: all 0.3s ease;\n            border: 2px solid transparent;\n        }\n        \n        .contact-card:hover {\n            transform: translateY(-5px);\n            box-shadow: 0 8px 25px rgba(230, 57, 70, 0.15);\n            border-color: #e63946;\n        }\n        \n        .contact-name {\n            font-size: 1.2em;\n            font-weight: 600;\n            color: #2c3e50;\n            margin-bottom: 5px;\n        }\n        \n        .contact-title {\n            font-size: 0.9em;\n            color: #888;\n            margin-bottom: 15px;\n            font-weight: 300;\n        }\n        \n        .contact-link {\n            display: block;\n            margin: 8px 0;\n            color: #2c3e50;\n            text-decoration: none;\n            font-size: 0.95em;\n            transition: color 0.3s ease;\n        }\n        \n        .contact-link:hover {\n            color: #e63946;\n        }\n        \n        .tagline {\n            margin-top: 40px;\n            font-size: 1.3em;\n            color: #e63946;\n            font-weight: 600;\n            letter-spacing: 1px;\n            text-transform: uppercase;\n        }\n        \n        @media (max-width: 768px) {\n            .redesta-card {\n                padding: 40px 20px;\n            }\n            \n            .company-name {\n                font-size: 2em;\n            }\n            \n            .company-info {\n                flex-direction: column;\n                gap: 15px;\n            }\n            \n            .contacts-section {\n                grid-template-columns: 1fr;\n            }\n        }\n    <\/style>\n<\/head>\n<body>\n    <div class=\"redesta-card\">\n        <h1 class=\"company-name\">REDESTA Moravia s.r.o.<\/h1>\n        <p class=\"company-address\">Ostravice 479, 739 14<\/p>\n        \n        <div class=\"divider\"><\/div>\n        \n        <div class=\"company-info\">\n            <div class=\"info-item\">\n                <span class=\"info-label\">I\u010cO:<\/span> 09896139\n            <\/div>\n            <div class=\"info-item\">\n                <span class=\"info-label\">DI\u010c:<\/span> CZ09896139\n            <\/div>\n            <div class=\"info-item\">\n                <span class=\"info-label\">Datov\u00e1 schr\u00e1nka:<\/span> 8525xmt\n            <\/div>\n        <\/div>\n        \n        <p class=\"info-item\" style=\"margin-top: 15px;\">\n            <span class=\"info-label\">Spisov\u00e1 zna\u010dka:<\/span> C 84709\/KSOS Krajsk\u00fd soud v Ostrav\u011b\n        <\/p>\n        \n        <div class=\"contacts-section\">\n            <div class=\"contact-card\">\n                <div class=\"contact-name\">Jan G\u0159onka<\/div>\n                <div class=\"contact-title\">jednatel<\/div>\n                <a href=\"mailto:gronka@redesta.cz\" class=\"contact-link\">gronka@redesta.cz<\/a>\n                <a href=\"tel:+420603505003\" class=\"contact-link\">603 505 003<\/a>\n            <\/div>\n            \n            <div class=\"contact-card\">\n                <div class=\"contact-name\">Tade\u00e1\u0161 Derk\u00e1\u010d<\/div>\n                <div class=\"contact-title\">jednatel<\/div>\n                <a href=\"mailto:derkac@redesta.cz\" class=\"contact-link\">derkac@redesta.cz<\/a>\n                <a href=\"tel:+420776335809\" class=\"contact-link\">776 335 809<\/a>\n            <\/div>\n        <\/div>\n        \n        <p class=\"tagline\">Rekonstrukce - Demolice - Stavby<\/p>\n    <\/div>\n<\/body>\n<\/html>\t\t\t\t<\/div>\n\t\t\t\t\t<\/div>\n\t\t\t\t<\/div>\n\t\t\t\t<\/div>\n\t\t","protected":false},"excerpt":{"rendered":"<p>REDESTA Moravia s.r.o. Ostravice 479, 739 14 I\u010cO: 09896139 DI\u010c: CZ09896139 Datov\u00e1 schr\u00e1nka: 8525xmt Spisov\u00e1 zna\u010dka: C 84709\/KSOS Krajsk\u00fd soud v Ostrav\u011b Jan G\u0159onka jednatel gronka@redesta.cz 603 505 003 Tade\u00e1\u0161 Derk\u00e1\u010d jednatel derkac@redesta.cz 776 335 809 Rekonstrukce &#8211; Demolice &#8211; Stavby<\/p>\n","protected":false},"author":1,"featured_media":0,"parent":0,"menu_order":0,"comment_status":"closed","ping_status":"closed","template":"elementor_canvas","meta":{"footnotes":""},"class_list":["post-7","page","type-page","status-publish","hentry"],"_links":{"self":[{"href":"https:\/\/www.redesta.cz\/index.php?rest_route=\/wp\/v2\/pages\/7","targetHints":{"allow":["GET"]}}],"collection":[{"href":"https:\/\/www.redesta.cz\/index.php?rest_route=\/wp\/v2\/pages"}],"about":[{"href":"https:\/\/www.redesta.cz\/index.php?rest_route=\/wp\/v2\/types\/page"}],"author":[{"embeddable":true,"href":"https:\/\/www.redesta.cz\/index.php?rest_route=\/wp\/v2\/users\/1"}],"replies":[{"embeddable":true,"href":"https:\/\/www.redesta.cz\/index.php?rest_route=%2Fwp%2Fv2%2Fcomments&post=7"}],"version-history":[{"count":17,"href":"https:\/\/www.redesta.cz\/index.php?rest_route=\/wp\/v2\/pages\/7\/revisions"}],"predecessor-version":[{"id":26,"href":"https:\/\/www.redesta.cz\/index.php?rest_route=\/wp\/v2\/pages\/7\/revisions\/26"}],"wp:attachment":[{"href":"https:\/\/www.redesta.cz\/index.php?rest_route=%2Fwp%2Fv2%2Fmedia&parent=7"}],"curies":[{"name":"wp","href":"https:\/\/api.w.org\/{rel}","templated":true}]}}